{"id":2,"date":"2025-12-18T11:00:11","date_gmt":"2025-12-18T11:00:11","guid":{"rendered":"https:\/\/barberiaandalucia.rkinformatika.online\/?page_id=2"},"modified":"2025-12-19T08:39:06","modified_gmt":"2025-12-19T08:39:06","slug":"inicio","status":"publish","type":"page","link":"https:\/\/barberiaandalucia.es\/eu\/","title":{"rendered":"Hasiera"},"content":{"rendered":"<div data-elementor-type=\"wp-page\" data-elementor-id=\"2\" class=\"elementor elementor-2\" data-elementor-post-type=\"page\">\n\t\t\t\t<div class=\"elementor-element elementor-element-7ee4bf4 e-flex e-con-boxed e-con e-parent\" data-id=\"7ee4bf4\" data-element_type=\"container\" data-e-type=\"container\" data-settings=\"{&quot;background_background&quot;:&quot;classic&quot;}\">\n\t\t\t\t\t<div class=\"e-con-inner\">\n\t\t\t\t<div class=\"elementor-element elementor-element-756ff10 elementor-widget elementor-widget-heading\" data-id=\"756ff10\" data-element_type=\"widget\" data-e-type=\"widget\" data-widget_type=\"heading.default\">\n\t\t\t\t\t<h2 class=\"elementor-heading-title elementor-size-default\">Barber\u00eda Andaluzia<\/h2>\t\t\t\t<\/div>\n\t\t\t\t<div class=\"elementor-element elementor-element-12f634b elementor-widget elementor-widget-heading\" data-id=\"12f634b\" data-element_type=\"widget\" data-e-type=\"widget\" data-widget_type=\"heading.default\">\n\t\t\t\t\t<h2 class=\"elementor-heading-title elementor-size-default\">Gorte moderno eta klasikoak gizonentzat<\/h2>\t\t\t\t<\/div>\n\t\t\t\t\t<\/div>\n\t\t\t\t<\/div>\n\t\t<div class=\"elementor-element elementor-element-d8e9a4d e-flex e-con-boxed e-con e-parent\" data-id=\"d8e9a4d\" data-element_type=\"container\" data-e-type=\"container\">\n\t\t\t\t\t<div class=\"e-con-inner\">\n\t\t<div class=\"elementor-element elementor-element-6a403ff e-con-full e-flex e-con e-child\" data-id=\"6a403ff\" data-element_type=\"container\" data-e-type=\"container\">\n\t\t\t\t<div class=\"elementor-element elementor-element-652b6ef elementor-widget elementor-widget-heading\" data-id=\"652b6ef\" data-element_type=\"widget\" data-e-type=\"widget\" data-widget_type=\"heading.default\">\n\t\t\t\t\t<h2 class=\"elementor-heading-title elementor-size-default\">Guri buruz<\/h2>\t\t\t\t<\/div>\n\t\t\t\t<div class=\"elementor-element elementor-element-dcb500f elementor-widget__width-initial elementor-widget elementor-widget-text-editor\" data-id=\"dcb500f\" data-element_type=\"widget\" data-e-type=\"widget\" data-widget_type=\"text-editor.default\">\n\t\t\t\t\t\t\t\t\t<p>13 urteko esperientziarekin, zaintzarekin eta irudi maskulinoarekin konprometitutako bizartegia gara. Urteetan zehar, gure teknikak hobetu ditugu ile-mozketak eta kalitatezko bizar-zerbitzuak eskaintzeko, betiere arreta pertsonalizatuarekin, profesionalismoarekin eta konfiantzarekin. Gure ibilbideak bezero bakoitzari zerbitzurik onena ematen jarraitzera bultzatzen gaitu.<\/p>\t\t\t\t\t\t\t\t<\/div>\n\t\t\t\t<\/div>\n\t\t<div class=\"elementor-element elementor-element-da26bad e-con-full e-flex e-con e-child\" data-id=\"da26bad\" data-element_type=\"container\" data-e-type=\"container\" data-settings=\"{&quot;background_background&quot;:&quot;classic&quot;}\">\n\t\t\t\t<div class=\"elementor-element elementor-element-7edaf4d elementor-widget elementor-widget-spacer\" data-id=\"7edaf4d\" data-element_type=\"widget\" data-e-type=\"widget\" data-widget_type=\"spacer.default\">\n\t\t\t\t\t\t\t<div class=\"elementor-spacer\">\n\t\t\t<div class=\"elementor-spacer-inner\"><\/div>\n\t\t<\/div>\n\t\t\t\t\t\t<\/div>\n\t\t\t\t<\/div>\n\t\t\t\t\t<\/div>\n\t\t\t\t<\/div>\n\t\t<div class=\"elementor-element elementor-element-752c1d5 e-flex e-con-boxed e-con e-parent\" data-id=\"752c1d5\" data-element_type=\"container\" data-e-type=\"container\">\n\t\t\t\t\t<div class=\"e-con-inner\">\n\t\t\t\t<div class=\"elementor-element elementor-element-9dc2453 elementor-widget elementor-widget-image-carousel\" data-id=\"9dc2453\" data-element_type=\"widget\" data-e-type=\"widget\" data-settings=\"{&quot;slides_to_show&quot;:&quot;3&quot;,&quot;slides_to_show_tablet&quot;:&quot;3&quot;,&quot;slides_to_scroll&quot;:&quot;1&quot;,&quot;slides_to_scroll_tablet&quot;:&quot;1&quot;,&quot;navigation&quot;:&quot;none&quot;,&quot;image_spacing_custom&quot;:{&quot;unit&quot;:&quot;px&quot;,&quot;size&quot;:5,&quot;sizes&quot;:[]},&quot;autoplay&quot;:&quot;yes&quot;,&quot;pause_on_hover&quot;:&quot;yes&quot;,&quot;pause_on_interaction&quot;:&quot;yes&quot;,&quot;autoplay_speed&quot;:5000,&quot;infinite&quot;:&quot;yes&quot;,&quot;speed&quot;:500,&quot;image_spacing_custom_tablet&quot;:{&quot;unit&quot;:&quot;px&quot;,&quot;size&quot;:&quot;&quot;,&quot;sizes&quot;:[]},&quot;image_spacing_custom_mobile&quot;:{&quot;unit&quot;:&quot;px&quot;,&quot;size&quot;:&quot;&quot;,&quot;sizes&quot;:[]}}\" data-widget_type=\"image-carousel.default\">\n\t\t\t\t\t\t\t<div class=\"elementor-image-carousel-wrapper swiper\" role=\"region\" aria-roledescription=\"carousel\" aria-label=\"Carrusel de im\u00e1genes\" dir=\"ltr\">\n\t\t\t<div class=\"elementor-image-carousel swiper-wrapper\" aria-live=\"off\">\n\t\t\t\t\t\t\t\t<div class=\"swiper-slide\" role=\"group\" aria-roledescription=\"slide\" aria-label=\"1 de 5\"><figure class=\"swiper-slide-inner\"><img decoding=\"async\" class=\"swiper-slide-image\" src=\"https:\/\/barberiaandalucia.es\/wp-content\/uploads\/elementor\/thumbs\/WhatsApp-Image-2025-12-10-at-12.01.01-1-rgcg21k4fkw5wkdjhar7xzui3rvgt7hjw4zlh57ixs.jpeg\" alt=\"WhatsApp Image 2025-12-10 at 12.01.01 (1)\" \/><\/figure><\/div><div class=\"swiper-slide\" role=\"group\" aria-roledescription=\"slide\" aria-label=\"2 de 5\"><figure class=\"swiper-slide-inner\"><img decoding=\"async\" class=\"swiper-slide-image\" src=\"https:\/\/barberiaandalucia.es\/wp-content\/uploads\/elementor\/thumbs\/WhatsApp-Image-2025-12-10-at-11.58.44-rgcg1u1ewwlvboogp7i7e1qtcowj3mnp73rpmxiobk.jpeg\" alt=\"WhatsApp Image 2025-12-10 at 11.58.44\" \/><\/figure><\/div><div class=\"swiper-slide\" role=\"group\" aria-roledescription=\"slide\" aria-label=\"3 de 5\"><figure class=\"swiper-slide-inner\"><img decoding=\"async\" class=\"swiper-slide-image\" src=\"https:\/\/barberiaandalucia.es\/wp-content\/uploads\/elementor\/thumbs\/WhatsApp-Image-2025-12-10-at-12.01.21-rgcg269bdr2lim6ppuscsgnt2p8avp07ks90vj0k2o.jpeg\" alt=\"WhatsApp Image 2025-12-10 at 12.01.21\" \/><\/figure><\/div><div class=\"swiper-slide\" role=\"group\" aria-roledescription=\"slide\" aria-label=\"4 de 5\"><figure class=\"swiper-slide-inner\"><img decoding=\"async\" class=\"swiper-slide-image\" src=\"https:\/\/barberiaandalucia.es\/wp-content\/uploads\/elementor\/thumbs\/WhatsApp-Image-2025-12-10-at-12.03.43-rgcg292ty96ghg2m9e08hxy6uuueisbel67hbcwdk0.jpeg\" alt=\"WhatsApp Image 2025-12-10 at 12.03.43\" \/><\/figure><\/div><div class=\"swiper-slide\" role=\"group\" aria-roledescription=\"slide\" aria-label=\"5 de 5\"><figure class=\"swiper-slide-inner\"><img decoding=\"async\" class=\"swiper-slide-image\" src=\"https:\/\/barberiaandalucia.es\/wp-content\/uploads\/elementor\/thumbs\/WhatsApp-Image-2025-12-10-at-12.01.02-rgcg23fst8yqjsat6bkh2zdfajm78lp0keakfp4qlc.jpeg\" alt=\"WhatsApp Image 2025-12-10 at 12.01.02\" \/><\/figure><\/div>\t\t\t<\/div>\n\t\t\t\t\t\t\t\n\t\t\t\t\t\t\t\t\t<\/div>\n\t\t\t\t\t\t<\/div>\n\t\t\t\t\t<\/div>\n\t\t\t\t<\/div>\n\t\t\t\t<\/div>","protected":false},"excerpt":{"rendered":"<p>Barber\u00eda Andaluc\u00eda Cortes modernos y cl\u00e1sicos para caballero Sobre nosotros Con 13 a\u00f1os de experiencia dando servicio, somos una barber\u00eda comprometida con el cuidado y la imagen masculina. A lo largo de los a\u00f1os hemos perfeccionado nuestras t\u00e9cnicas para ofrecer cortes de cabello y servicios de barba de calidad, siempre con atenci\u00f3n personalizada, profesionalismo y [&hellip;]<\/p>\n","protected":false},"author":1,"featured_media":0,"parent":0,"menu_order":0,"comment_status":"closed","ping_status":"closed","template":"elementor_canvas","meta":{"footnotes":""},"class_list":["post-2","page","type-page","status-publish","hentry"],"yoast_head":"<!-- This site is optimized with the Yoast SEO plugin v27.4 - https:\/\/yoast.com\/product\/yoast-seo-wordpress\/ -->\n<title>Inicio - Barber\u00eda Andalucia<\/title>\n<meta name=\"robots\" content=\"index, follow, max-snippet:-1, max-image-preview:large, max-video-preview:-1\" \/>\n<link rel=\"canonical\" href=\"https:\/\/barberiaandalucia.es\/eu\/\" \/>\n<meta property=\"og:locale\" content=\"en_US\" \/>\n<meta property=\"og:type\" content=\"article\" \/>\n<meta property=\"og:title\" content=\"Inicio - Barber\u00eda Andalucia\" \/>\n<meta property=\"og:description\" content=\"Barber\u00eda Andaluc\u00eda Cortes modernos y cl\u00e1sicos para caballero Sobre nosotros Con 13 a\u00f1os de experiencia dando servicio, somos una barber\u00eda comprometida con el cuidado y la imagen masculina. A lo largo de los a\u00f1os hemos perfeccionado nuestras t\u00e9cnicas para ofrecer cortes de cabello y servicios de barba de calidad, siempre con atenci\u00f3n personalizada, profesionalismo y [&hellip;]\" \/>\n<meta property=\"og:url\" content=\"https:\/\/barberiaandalucia.es\/eu\/\" \/>\n<meta property=\"og:site_name\" content=\"Barber\u00eda Andalucia\" \/>\n<meta property=\"article:modified_time\" content=\"2025-12-19T08:39:06+00:00\" \/>\n<meta property=\"og:image\" content=\"https:\/\/barberiaandalucia.es\/wp-content\/uploads\/elementor\/thumbs\/WhatsApp-Image-2025-12-10-at-12.01.01-1-rgcg21k4fkw5wkdjhar7xzui3rvgt7hjw4zlh57ixs.jpeg\" \/>\n<meta name=\"twitter:card\" content=\"summary_large_image\" \/>\n<meta name=\"twitter:label1\" content=\"Est. reading time\" \/>\n\t<meta name=\"twitter:data1\" content=\"3 minutua\" \/>\n<script type=\"application\/ld+json\" class=\"yoast-schema-graph\">{\"@context\":\"https:\\\/\\\/schema.org\",\"@graph\":[{\"@type\":\"WebPage\",\"@id\":\"https:\\\/\\\/barberiaandalucia.es\\\/\",\"url\":\"https:\\\/\\\/barberiaandalucia.es\\\/\",\"name\":\"Inicio - Barber\u00eda Andalucia\",\"isPartOf\":{\"@id\":\"https:\\\/\\\/barberiaandalucia.es\\\/#website\"},\"primaryImageOfPage\":{\"@id\":\"https:\\\/\\\/barberiaandalucia.es\\\/#primaryimage\"},\"image\":{\"@id\":\"https:\\\/\\\/barberiaandalucia.es\\\/#primaryimage\"},\"thumbnailUrl\":\"https:\\\/\\\/barberiaandalucia.es\\\/wp-content\\\/uploads\\\/elementor\\\/thumbs\\\/WhatsApp-Image-2025-12-10-at-12.01.01-1-rgcg21k4fkw5wkdjhar7xzui3rvgt7hjw4zlh57ixs.jpeg\",\"datePublished\":\"2025-12-18T11:00:11+00:00\",\"dateModified\":\"2025-12-19T08:39:06+00:00\",\"breadcrumb\":{\"@id\":\"https:\\\/\\\/barberiaandalucia.es\\\/#breadcrumb\"},\"inLanguage\":\"eu\",\"potentialAction\":[{\"@type\":\"ReadAction\",\"target\":[\"https:\\\/\\\/barberiaandalucia.es\\\/\"]}]},{\"@type\":\"ImageObject\",\"inLanguage\":\"eu\",\"@id\":\"https:\\\/\\\/barberiaandalucia.es\\\/#primaryimage\",\"url\":\"https:\\\/\\\/barberiaandalucia.es\\\/wp-content\\\/uploads\\\/elementor\\\/thumbs\\\/WhatsApp-Image-2025-12-10-at-12.01.01-1-rgcg21k4fkw5wkdjhar7xzui3rvgt7hjw4zlh57ixs.jpeg\",\"contentUrl\":\"https:\\\/\\\/barberiaandalucia.es\\\/wp-content\\\/uploads\\\/elementor\\\/thumbs\\\/WhatsApp-Image-2025-12-10-at-12.01.01-1-rgcg21k4fkw5wkdjhar7xzui3rvgt7hjw4zlh57ixs.jpeg\"},{\"@type\":\"BreadcrumbList\",\"@id\":\"https:\\\/\\\/barberiaandalucia.es\\\/#breadcrumb\",\"itemListElement\":[{\"@type\":\"ListItem\",\"position\":1,\"name\":\"Portada\",\"item\":\"https:\\\/\\\/barberiaandalucia.es\\\/\"},{\"@type\":\"ListItem\",\"position\":2,\"name\":\"Inicio\"}]},{\"@type\":\"WebSite\",\"@id\":\"https:\\\/\\\/barberiaandalucia.es\\\/#website\",\"url\":\"https:\\\/\\\/barberiaandalucia.es\\\/\",\"name\":\"Barber\u00eda Andalucia\",\"description\":\"Corte de pelo, barba, degradados, cualquier tipo de corte de caballero, pelo largo caballero, lavado, venta de cera. \",\"publisher\":{\"@id\":\"https:\\\/\\\/barberiaandalucia.es\\\/#organization\"},\"potentialAction\":[{\"@type\":\"SearchAction\",\"target\":{\"@type\":\"EntryPoint\",\"urlTemplate\":\"https:\\\/\\\/barberiaandalucia.es\\\/?s={search_term_string}\"},\"query-input\":{\"@type\":\"PropertyValueSpecification\",\"valueRequired\":true,\"valueName\":\"search_term_string\"}}],\"inLanguage\":\"eu\"},{\"@type\":\"Organization\",\"@id\":\"https:\\\/\\\/barberiaandalucia.es\\\/#organization\",\"name\":\"Barber\u00eda Andalucia\",\"url\":\"https:\\\/\\\/barberiaandalucia.es\\\/\",\"logo\":{\"@type\":\"ImageObject\",\"inLanguage\":\"eu\",\"@id\":\"https:\\\/\\\/barberiaandalucia.es\\\/#\\\/schema\\\/logo\\\/image\\\/\",\"url\":\"https:\\\/\\\/barberiaandalucia.es\\\/wp-content\\\/uploads\\\/2025\\\/12\\\/cropped-barberiaandalucia202506_logoticket.jpg\",\"contentUrl\":\"https:\\\/\\\/barberiaandalucia.es\\\/wp-content\\\/uploads\\\/2025\\\/12\\\/cropped-barberiaandalucia202506_logoticket.jpg\",\"width\":201,\"height\":204,\"caption\":\"Barber\u00eda Andalucia\"},\"image\":{\"@id\":\"https:\\\/\\\/barberiaandalucia.es\\\/#\\\/schema\\\/logo\\\/image\\\/\"}}]}<\/script>\n<!-- \/ Yoast SEO plugin. -->","yoast_head_json":{"title":"Inicio - Barber\u00eda Andalucia","robots":{"index":"index","follow":"follow","max-snippet":"max-snippet:-1","max-image-preview":"max-image-preview:large","max-video-preview":"max-video-preview:-1"},"canonical":"https:\/\/barberiaandalucia.es\/eu\/","og_locale":"en_US","og_type":"article","og_title":"Inicio - Barber\u00eda Andalucia","og_description":"Barber\u00eda Andaluc\u00eda Cortes modernos y cl\u00e1sicos para caballero Sobre nosotros Con 13 a\u00f1os de experiencia dando servicio, somos una barber\u00eda comprometida con el cuidado y la imagen masculina. A lo largo de los a\u00f1os hemos perfeccionado nuestras t\u00e9cnicas para ofrecer cortes de cabello y servicios de barba de calidad, siempre con atenci\u00f3n personalizada, profesionalismo y [&hellip;]","og_url":"https:\/\/barberiaandalucia.es\/eu\/","og_site_name":"Barber\u00eda Andalucia","article_modified_time":"2025-12-19T08:39:06+00:00","og_image":[{"url":"https:\/\/barberiaandalucia.es\/wp-content\/uploads\/elementor\/thumbs\/WhatsApp-Image-2025-12-10-at-12.01.01-1-rgcg21k4fkw5wkdjhar7xzui3rvgt7hjw4zlh57ixs.jpeg","type":"","width":"","height":""}],"twitter_card":"summary_large_image","twitter_misc":{"Est. reading time":"3 minutua"},"schema":{"@context":"https:\/\/schema.org","@graph":[{"@type":"WebPage","@id":"https:\/\/barberiaandalucia.es\/","url":"https:\/\/barberiaandalucia.es\/","name":"Inicio - Barber\u00eda Andalucia","isPartOf":{"@id":"https:\/\/barberiaandalucia.es\/#website"},"primaryImageOfPage":{"@id":"https:\/\/barberiaandalucia.es\/#primaryimage"},"image":{"@id":"https:\/\/barberiaandalucia.es\/#primaryimage"},"thumbnailUrl":"https:\/\/barberiaandalucia.es\/wp-content\/uploads\/elementor\/thumbs\/WhatsApp-Image-2025-12-10-at-12.01.01-1-rgcg21k4fkw5wkdjhar7xzui3rvgt7hjw4zlh57ixs.jpeg","datePublished":"2025-12-18T11:00:11+00:00","dateModified":"2025-12-19T08:39:06+00:00","breadcrumb":{"@id":"https:\/\/barberiaandalucia.es\/#breadcrumb"},"inLanguage":"eu","potentialAction":[{"@type":"ReadAction","target":["https:\/\/barberiaandalucia.es\/"]}]},{"@type":"ImageObject","inLanguage":"eu","@id":"https:\/\/barberiaandalucia.es\/#primaryimage","url":"https:\/\/barberiaandalucia.es\/wp-content\/uploads\/elementor\/thumbs\/WhatsApp-Image-2025-12-10-at-12.01.01-1-rgcg21k4fkw5wkdjhar7xzui3rvgt7hjw4zlh57ixs.jpeg","contentUrl":"https:\/\/barberiaandalucia.es\/wp-content\/uploads\/elementor\/thumbs\/WhatsApp-Image-2025-12-10-at-12.01.01-1-rgcg21k4fkw5wkdjhar7xzui3rvgt7hjw4zlh57ixs.jpeg"},{"@type":"BreadcrumbList","@id":"https:\/\/barberiaandalucia.es\/#breadcrumb","itemListElement":[{"@type":"ListItem","position":1,"name":"Portada","item":"https:\/\/barberiaandalucia.es\/"},{"@type":"ListItem","position":2,"name":"Inicio"}]},{"@type":"WebSite","@id":"https:\/\/barberiaandalucia.es\/#website","url":"https:\/\/barberiaandalucia.es\/","name":"Barber\u00eda Andalucia","description":"Corte de pelo, barba, degradados, cualquier tipo de corte de caballero, pelo largo caballero, lavado, venta de cera.","publisher":{"@id":"https:\/\/barberiaandalucia.es\/#organization"},"potentialAction":[{"@type":"SearchAction","target":{"@type":"EntryPoint","urlTemplate":"https:\/\/barberiaandalucia.es\/?s={search_term_string}"},"query-input":{"@type":"PropertyValueSpecification","valueRequired":true,"valueName":"search_term_string"}}],"inLanguage":"eu"},{"@type":"Organization","@id":"https:\/\/barberiaandalucia.es\/#organization","name":"Barber\u00eda Andalucia","url":"https:\/\/barberiaandalucia.es\/","logo":{"@type":"ImageObject","inLanguage":"eu","@id":"https:\/\/barberiaandalucia.es\/#\/schema\/logo\/image\/","url":"https:\/\/barberiaandalucia.es\/wp-content\/uploads\/2025\/12\/cropped-barberiaandalucia202506_logoticket.jpg","contentUrl":"https:\/\/barberiaandalucia.es\/wp-content\/uploads\/2025\/12\/cropped-barberiaandalucia202506_logoticket.jpg","width":201,"height":204,"caption":"Barber\u00eda Andalucia"},"image":{"@id":"https:\/\/barberiaandalucia.es\/#\/schema\/logo\/image\/"}}]}},"_links":{"self":[{"href":"https:\/\/barberiaandalucia.es\/eu\/wp-json\/wp\/v2\/pages\/2","targetHints":{"allow":["GET"]}}],"collection":[{"href":"https:\/\/barberiaandalucia.es\/eu\/wp-json\/wp\/v2\/pages"}],"about":[{"href":"https:\/\/barberiaandalucia.es\/eu\/wp-json\/wp\/v2\/types\/page"}],"author":[{"embeddable":true,"href":"https:\/\/barberiaandalucia.es\/eu\/wp-json\/wp\/v2\/users\/1"}],"replies":[{"embeddable":true,"href":"https:\/\/barberiaandalucia.es\/eu\/wp-json\/wp\/v2\/comments?post=2"}],"version-history":[{"count":76,"href":"https:\/\/barberiaandalucia.es\/eu\/wp-json\/wp\/v2\/pages\/2\/revisions"}],"predecessor-version":[{"id":371,"href":"https:\/\/barberiaandalucia.es\/eu\/wp-json\/wp\/v2\/pages\/2\/revisions\/371"}],"wp:attachment":[{"href":"https:\/\/barberiaandalucia.es\/eu\/wp-json\/wp\/v2\/media?parent=2"}],"curies":[{"name":"wp","href":"https:\/\/api.w.org\/{rel}","templated":true}]}}