{"id":18,"date":"2025-12-18T11:22:49","date_gmt":"2025-12-18T11:22:49","guid":{"rendered":"https:\/\/barberiaandalucia.rkinformatika.online\/?page_id=18"},"modified":"2025-12-19T08:42:24","modified_gmt":"2025-12-19T08:42:24","slug":"contacto","status":"publish","type":"page","link":"https:\/\/barberiaandalucia.es\/eu\/contacto\/","title":{"rendered":"Kontaktua"},"content":{"rendered":"\t\t<div data-elementor-type=\"wp-page\" data-elementor-id=\"18\" class=\"elementor elementor-18\" data-elementor-post-type=\"page\">\n\t\t\t\t<div class=\"elementor-element elementor-element-0e5798e e-con-full e-flex e-con e-parent\" data-id=\"0e5798e\" data-element_type=\"container\" data-e-type=\"container\" data-settings=\"{&quot;background_background&quot;:&quot;classic&quot;}\">\n\t\t\t\t<\/div>\n\t\t<div class=\"elementor-element elementor-element-59c8b75 e-flex e-con-boxed e-con e-parent\" data-id=\"59c8b75\" data-element_type=\"container\" data-e-type=\"container\">\n\t\t\t\t\t<div class=\"e-con-inner\">\n\t\t<div class=\"elementor-element elementor-element-0efb73e e-con-full e-flex e-con e-child\" data-id=\"0efb73e\" data-element_type=\"container\" data-e-type=\"container\">\n\t\t\t\t<div class=\"elementor-element elementor-element-2db78fe elementor-widget elementor-widget-heading\" data-id=\"2db78fe\" data-element_type=\"widget\" data-e-type=\"widget\" data-widget_type=\"heading.default\">\n\t\t\t\t\t<h2 class=\"elementor-heading-title elementor-size-default\">Barba y cabello perfectos, cont\u00e1ctanos.<a style=\"text-decoration: none;color: #5EA84A\" target=\"blank\"><\/a> <br><\/h2>\t\t\t\t<\/div>\n\t\t\t\t<div class=\"elementor-element elementor-element-436c951 elementor-widget elementor-widget-text-editor\" data-id=\"436c951\" data-element_type=\"widget\" data-e-type=\"widget\" data-widget_type=\"text-editor.default\">\n\t\t\t\t\t\t\t\t\t<p>Completa el formulario y te contactaremos muy pronto.<\/p>\t\t\t\t\t\t\t\t<\/div>\n\t\t\t\t<div class=\"elementor-element elementor-element-8b5739c elementor-button-align-start elementor-widget__width-initial elementor-widget elementor-widget-form\" data-id=\"8b5739c\" data-element_type=\"widget\" data-e-type=\"widget\" data-settings=\"{&quot;button_width&quot;:&quot;50&quot;,&quot;step_next_label&quot;:&quot;Next&quot;,&quot;step_previous_label&quot;:&quot;Previous&quot;,&quot;step_type&quot;:&quot;number_text&quot;,&quot;step_icon_shape&quot;:&quot;circle&quot;}\" data-widget_type=\"form.default\">\n\t\t\t\t\t\t\t<form class=\"elementor-form\" method=\"post\" name=\"Contacto ContactoPage\" aria-label=\"Contacto ContactoPage\">\n\t\t\t<input type=\"hidden\" name=\"post_id\" value=\"18\"\/>\n\t\t\t<input type=\"hidden\" name=\"form_id\" value=\"8b5739c\"\/>\n\t\t\t<input type=\"hidden\" name=\"referer_title\" value=\"Contacto - Barber\u00eda Andalucia\" \/>\n\n\t\t\t\t\t\t\t<input type=\"hidden\" name=\"queried_id\" value=\"18\"\/>\n\t\t\t\n\t\t\t<div class=\"elementor-form-fields-wrapper elementor-labels-\">\n\t\t\t\t\t\t\t\t<div class=\"elementor-field-type-text elementor-field-group elementor-column elementor-field-group-name elementor-col-100 elementor-field-required\">\n\t\t\t\t\t\t\t\t\t\t\t\t<label for=\"form-field-name\" class=\"elementor-field-label elementor-screen-only\">\n\t\t\t\t\t\t\t\tName\t\t\t\t\t\t\t<\/label>\n\t\t\t\t\t\t\t\t\t\t\t\t\t\t<input size=\"1\" type=\"text\" name=\"form_fields[name]\" id=\"form-field-name\" class=\"elementor-field elementor-size-sm  elementor-field-textual\" placeholder=\"Nombre\" required=\"required\">\n\t\t\t\t\t\t\t\t\t\t\t<\/div>\n\t\t\t\t\t\t\t\t<div class=\"elementor-field-type-email elementor-field-group elementor-column elementor-field-group-email elementor-col-33 elementor-field-required\">\n\t\t\t\t\t\t\t\t\t\t\t\t<label for=\"form-field-email\" class=\"elementor-field-label elementor-screen-only\">\n\t\t\t\t\t\t\t\tEmail\t\t\t\t\t\t\t<\/label>\n\t\t\t\t\t\t\t\t\t\t\t\t\t\t<input size=\"1\" type=\"email\" name=\"form_fields[email]\" id=\"form-field-email\" class=\"elementor-field elementor-size-sm  elementor-field-textual\" placeholder=\"Email\" required=\"required\">\n\t\t\t\t\t\t\t\t\t\t\t<\/div>\n\t\t\t\t\t\t\t\t<div class=\"elementor-field-type-tel elementor-field-group elementor-column elementor-field-group-movil elementor-col-33 elementor-field-required\">\n\t\t\t\t\t\t\t\t\t\t\t\t<label for=\"form-field-movil\" class=\"elementor-field-label elementor-screen-only\">\n\t\t\t\t\t\t\t\tM\u00f3vil\t\t\t\t\t\t\t<\/label>\n\t\t\t\t\t\t\t\t<input size=\"1\" type=\"tel\" name=\"form_fields[movil]\" id=\"form-field-movil\" class=\"elementor-field elementor-size-sm  elementor-field-textual\" placeholder=\"M\u00f3vil\" required=\"required\" pattern=\"[0-9()#&amp;+*-=.]+\" title=\"Solo se aceptan n\u00fameros y caracteres de tel\u00e9fono (#,-,*,etc).\">\n\n\t\t\t\t\t\t<\/div>\n\t\t\t\t\t\t\t\t<div class=\"elementor-field-type-text elementor-field-group elementor-column elementor-field-group-field_176c31e elementor-col-33 elementor-field-required\">\n\t\t\t\t\t\t\t\t\t\t\t\t<label for=\"form-field-field_176c31e\" class=\"elementor-field-label elementor-screen-only\">\n\t\t\t\t\t\t\t\tTema\t\t\t\t\t\t\t<\/label>\n\t\t\t\t\t\t\t\t\t\t\t\t\t\t<input size=\"1\" type=\"text\" name=\"form_fields[field_176c31e]\" id=\"form-field-field_176c31e\" class=\"elementor-field elementor-size-sm  elementor-field-textual\" placeholder=\"Tema\" required=\"required\">\n\t\t\t\t\t\t\t\t\t\t\t<\/div>\n\t\t\t\t\t\t\t\t<div class=\"elementor-field-type-textarea elementor-field-group elementor-column elementor-field-group-field_5d08d9b elementor-col-100 elementor-field-required\">\n\t\t\t\t\t\t\t\t\t\t\t\t<label for=\"form-field-field_5d08d9b\" class=\"elementor-field-label elementor-screen-only\">\n\t\t\t\t\t\t\t\tMensaje\t\t\t\t\t\t\t<\/label>\n\t\t\t\t\t\t<textarea class=\"elementor-field-textual elementor-field  elementor-size-sm\" name=\"form_fields[field_5d08d9b]\" id=\"form-field-field_5d08d9b\" rows=\"4\" placeholder=\"Mensaje\" required=\"required\"><\/textarea>\t\t\t\t<\/div>\n\t\t\t\t\t\t\t\t<div class=\"elementor-field-type-checkbox elementor-field-group elementor-column elementor-field-group-field_5de6374 elementor-col-100\">\n\t\t\t\t\t\t\t\t\t\t\t\t<label for=\"form-field-field_5de6374\" class=\"elementor-field-label elementor-screen-only\">\n\t\t\t\t\t\t\t\tHe Le\u00eddo \t\t\t\t\t\t\t<\/label>\n\t\t\t\t\t\t<div class=\"elementor-field-subgroup  \"><span class=\"elementor-field-option\"><input type=\"checkbox\" value=\"He Le\u00eddo y Acepto la &lt;a href=&quot;https:\/\/rksolutions.es\/politica-de-privacidad\/&quot; onclick=&quot;window.open(this.href,&#039;privacidad&#039;,&#039;width=800,height=600&#039;);return false;&quot;&gt;Pol\u00edtica de Privacidad&lt;\/a&gt;\" id=\"form-field-field_5de6374-0\" name=\"form_fields[field_5de6374]\"> <label for=\"form-field-field_5de6374-0\">He Le\u00eddo y Acepto la <a href=\"https:\/\/rksolutions.es\/politica-de-privacidad\/\" onclick=\"window.open(this.href,'privacidad','width=800,height=600');return false;\">Pol\u00edtica de Privacidad<\/a><\/label><\/span><\/div>\t\t\t\t<\/div>\n\t\t\t\t\t\t\t\t<div class=\"elementor-field-type-recaptcha_v3 elementor-field-group elementor-column elementor-field-group-field_9e00c78 elementor-col-100 recaptcha_v3-bottomright\">\n\t\t\t\t\t<div class=\"elementor-field\" id=\"form-field-field_9e00c78\"><div class=\"elementor-g-recaptcha\" data-sitekey=\"6LcGlDMsAAAAADc5OFpPbIbL3zTaffmzkgVY20di\" data-type=\"v3\" data-action=\"Form\" data-badge=\"bottomright\" data-size=\"invisible\"><\/div><\/div>\t\t\t\t<\/div>\n\t\t\t\t\t\t\t\t<div class=\"elementor-field-group elementor-column elementor-field-type-submit elementor-col-50 e-form__buttons\">\n\t\t\t\t\t<button class=\"elementor-button elementor-size-sm\" type=\"submit\">\n\t\t\t\t\t\t<span class=\"elementor-button-content-wrapper\">\n\t\t\t\t\t\t\t\t\t\t\t\t\t\t\t<span class=\"elementor-button-icon\">\n\t\t\t\t\t\t\t\t\t<svg aria-hidden=\"true\" class=\"e-font-icon-svg e-far-paper-plane\" viewBox=\"0 0 512 512\" xmlns=\"http:\/\/www.w3.org\/2000\/svg\"><path d=\"M440 6.5L24 246.4c-34.4 19.9-31.1 70.8 5.7 85.9L144 379.6V464c0 46.4 59.2 65.5 86.6 28.6l43.8-59.1 111.9 46.2c5.9 2.4 12.1 3.6 18.3 3.6 8.2 0 16.3-2.1 23.6-6.2 12.8-7.2 21.6-20 23.9-34.5l59.4-387.2c6.1-40.1-36.9-68.8-71.5-48.9zM192 464v-64.6l36.6 15.1L192 464zm212.6-28.7l-153.8-63.5L391 169.5c10.7-15.5-9.5-33.5-23.7-21.2L155.8 332.6 48 288 464 48l-59.4 387.3z\"><\/path><\/svg>\t\t\t\t\t\t\t\t\t\t\t\t\t\t\t\t\t<\/span>\n\t\t\t\t\t\t\t\t\t\t\t\t\t\t\t\t\t\t\t\t\t\t<span class=\"elementor-button-text\">Enviar<\/span>\n\t\t\t\t\t\t\t\t\t\t\t\t\t<\/span>\n\t\t\t\t\t<\/button>\n\t\t\t\t<\/div>\n\t\t\t<\/div>\n\t\t<\/form>\n\t\t\t\t\t\t<\/div>\n\t\t\t\t<\/div>\n\t\t<div class=\"elementor-element elementor-element-44abc26 e-con-full animated-slow e-flex elementor-invisible e-con e-child\" data-id=\"44abc26\" data-element_type=\"container\" data-e-type=\"container\" data-settings=\"{&quot;background_background&quot;:&quot;classic&quot;,&quot;animation&quot;:&quot;fadeInLeft&quot;}\">\n\t\t\t\t<div class=\"elementor-element elementor-element-56cac11 elementor-widget__width-inherit elementor-widget elementor-widget-heading\" data-id=\"56cac11\" data-element_type=\"widget\" data-e-type=\"widget\" data-widget_type=\"heading.default\">\n\t\t\t\t\t<h2 class=\"elementor-heading-title elementor-size-default\">Informaci\u00f3n General<\/h2>\t\t\t\t<\/div>\n\t\t\t\t<div class=\"elementor-element elementor-element-693d0af elementor-widget__width-inherit elementor-widget elementor-widget-heading\" data-id=\"693d0af\" data-element_type=\"widget\" data-e-type=\"widget\" data-widget_type=\"heading.default\">\n\t\t\t\t\t<h2 class=\"elementor-heading-title elementor-size-default\">Tel\u00e9fono<\/h2>\t\t\t\t<\/div>\n\t\t\t\t<div class=\"elementor-element elementor-element-3805e00 elementor-widget elementor-widget-heading\" data-id=\"3805e00\" data-element_type=\"widget\" data-e-type=\"widget\" data-widget_type=\"heading.default\">\n\t\t\t\t\t<h2 class=\"elementor-heading-title elementor-size-default\">+34 688 714 661<\/h2>\t\t\t\t<\/div>\n\t\t\t\t<div class=\"elementor-element elementor-element-52c2500 elementor-widget-divider--view-line elementor-widget elementor-widget-divider\" data-id=\"52c2500\" data-element_type=\"widget\" data-e-type=\"widget\" data-widget_type=\"divider.default\">\n\t\t\t\t\t\t\t<div class=\"elementor-divider\">\n\t\t\t<span class=\"elementor-divider-separator\">\n\t\t\t\t\t\t<\/span>\n\t\t<\/div>\n\t\t\t\t\t\t<\/div>\n\t\t\t\t<div class=\"elementor-element elementor-element-0ba5f6c elementor-widget__width-inherit elementor-widget elementor-widget-heading\" data-id=\"0ba5f6c\" data-element_type=\"widget\" data-e-type=\"widget\" data-widget_type=\"heading.default\">\n\t\t\t\t\t<h2 class=\"elementor-heading-title elementor-size-default\">Email<\/h2>\t\t\t\t<\/div>\n\t\t\t\t<div class=\"elementor-element elementor-element-6442c87 elementor-widget elementor-widget-heading\" data-id=\"6442c87\" data-element_type=\"widget\" data-e-type=\"widget\" data-widget_type=\"heading.default\">\n\t\t\t\t\t<h2 class=\"elementor-heading-title elementor-size-default\"><a href=\"mailto:%20nabil_assa@hotmail.es\">nabil_assa@hotmail.es<\/a><\/h2>\t\t\t\t<\/div>\n\t\t\t\t<div class=\"elementor-element elementor-element-dbf9f56 elementor-widget-divider--view-line elementor-widget elementor-widget-divider\" data-id=\"dbf9f56\" data-element_type=\"widget\" data-e-type=\"widget\" data-widget_type=\"divider.default\">\n\t\t\t\t\t\t\t<div class=\"elementor-divider\">\n\t\t\t<span class=\"elementor-divider-separator\">\n\t\t\t\t\t\t<\/span>\n\t\t<\/div>\n\t\t\t\t\t\t<\/div>\n\t\t\t\t<div class=\"elementor-element elementor-element-a8935c2 elementor-widget__width-inherit elementor-widget elementor-widget-heading\" data-id=\"a8935c2\" data-element_type=\"widget\" data-e-type=\"widget\" data-widget_type=\"heading.default\">\n\t\t\t\t\t<h2 class=\"elementor-heading-title elementor-size-default\">Direcci\u00f3n<\/h2>\t\t\t\t<\/div>\n\t\t\t\t<div class=\"elementor-element elementor-element-8b8f0ff elementor-widget elementor-widget-heading\" data-id=\"8b8f0ff\" data-element_type=\"widget\" data-e-type=\"widget\" data-widget_type=\"heading.default\">\n\t\t\t\t\t<h2 class=\"elementor-heading-title elementor-size-default\">Calle Andaluc\u00eda, 4, Arteagabeitia, 48902 San Vicente de Barakaldo, Bizkaia<\/h2>\t\t\t\t<\/div>\n\t\t\t\t<div class=\"elementor-element elementor-element-714a1ea elementor-widget-divider--view-line elementor-widget elementor-widget-divider\" data-id=\"714a1ea\" data-element_type=\"widget\" data-e-type=\"widget\" data-widget_type=\"divider.default\">\n\t\t\t\t\t\t\t<div class=\"elementor-divider\">\n\t\t\t<span class=\"elementor-divider-separator\">\n\t\t\t\t\t\t<\/span>\n\t\t<\/div>\n\t\t\t\t\t\t<\/div>\n\t\t\t\t<div class=\"elementor-element elementor-element-8ab326e elementor-widget__width-inherit elementor-widget elementor-widget-heading\" data-id=\"8ab326e\" data-element_type=\"widget\" data-e-type=\"widget\" data-widget_type=\"heading.default\">\n\t\t\t\t\t<h2 class=\"elementor-heading-title elementor-size-default\">Horario<\/h2>\t\t\t\t<\/div>\n\t\t\t\t<div class=\"elementor-element elementor-element-1f58d1c elementor-widget elementor-widget-heading\" data-id=\"1f58d1c\" data-element_type=\"widget\" data-e-type=\"widget\" data-widget_type=\"heading.default\">\n\t\t\t\t\t<h2 class=\"elementor-heading-title elementor-size-default\"> Lunes a jueves: 9:00 a 20:00 \n<br>Viernes: 9:00 a 14:00 \/ 16:00 a 20:00\n<br>S\u00e1bado: 9:00 a 19:00<\/h2>\t\t\t\t<\/div>\n\t\t\t\t<\/div>\n\t\t\t\t\t<\/div>\n\t\t\t\t<\/div>\n\t\t<div class=\"elementor-element elementor-element-5fed2d0 e-flex e-con-boxed e-con e-parent\" data-id=\"5fed2d0\" data-element_type=\"container\" data-e-type=\"container\">\n\t\t\t\t\t<div class=\"e-con-inner\">\n\t\t\t\t<div class=\"elementor-element elementor-element-ccb509d elementor-widget elementor-widget-google_maps\" data-id=\"ccb509d\" data-element_type=\"widget\" data-e-type=\"widget\" data-widget_type=\"google_maps.default\">\n\t\t\t\t\t\t\t<div class=\"elementor-custom-embed\">\n\t\t\t<iframe loading=\"lazy\"\n\t\t\t\t\tsrc=\"https:\/\/maps.google.com\/maps?q=Peluqueria%20Barber%C3%ADa%20Andaluc%C3%ADa&#038;t=m&#038;z=10&#038;output=embed&#038;iwloc=near\"\n\t\t\t\t\ttitle=\"Peluqueria Barber\u00eda Andaluc\u00eda\"\n\t\t\t\t\taria-label=\"Peluqueria Barber\u00eda Andaluc\u00eda\"\n\t\t\t><\/iframe>\n\t\t<\/div>\n\t\t\t\t\t\t<\/div>\n\t\t\t\t\t<\/div>\n\t\t\t\t<\/div>\n\t\t\t\t<\/div>\n\t\t","protected":false},"excerpt":{"rendered":"<p>Barba y cabello perfectos, cont\u00e1ctanos. Completa el formulario y te contactaremos muy pronto. Informaci\u00f3n General Tel\u00e9fono +34 688 714 661 Email nabil_assa@hotmail.es Direcci\u00f3n Calle Andaluc\u00eda, 4, Arteagabeitia, 48902 San Vicente de Barakaldo, Bizkaia Horario Lunes a jueves: 9:00 a 20:00 Viernes: 9:00 a 14:00 \/ 16:00 a 20:00 S\u00e1bado: 9:00 a 19:00<\/p>","protected":false},"author":1,"featured_media":0,"parent":0,"menu_order":0,"comment_status":"closed","ping_status":"closed","template":"elementor_canvas","meta":{"footnotes":""},"class_list":["post-18","page","type-page","status-publish","hentry"],"yoast_head":"<!-- This site is optimized with the Yoast SEO plugin v27.4 - https:\/\/yoast.com\/product\/yoast-seo-wordpress\/ -->\n<title>Contacto - Barber\u00eda Andalucia<\/title>\n<meta name=\"robots\" content=\"index, follow, max-snippet:-1, max-image-preview:large, max-video-preview:-1\" \/>\n<link rel=\"canonical\" href=\"https:\/\/barberiaandalucia.es\/eu\/contacto\/\" \/>\n<meta property=\"og:locale\" content=\"en_US\" \/>\n<meta property=\"og:type\" content=\"article\" \/>\n<meta property=\"og:title\" content=\"Contacto - Barber\u00eda Andalucia\" \/>\n<meta property=\"og:description\" content=\"Barba y cabello perfectos, cont\u00e1ctanos. Completa el formulario y te contactaremos muy pronto. Informaci\u00f3n General Tel\u00e9fono +34 688 714 661 Email nabil_assa@hotmail.es Direcci\u00f3n Calle Andaluc\u00eda, 4, Arteagabeitia, 48902 San Vicente de Barakaldo, Bizkaia Horario Lunes a jueves: 9:00 a 20:00 Viernes: 9:00 a 14:00 \/ 16:00 a 20:00 S\u00e1bado: 9:00 a 19:00\" \/>\n<meta property=\"og:url\" content=\"https:\/\/barberiaandalucia.es\/eu\/contacto\/\" \/>\n<meta property=\"og:site_name\" content=\"Barber\u00eda Andalucia\" \/>\n<meta property=\"article:modified_time\" content=\"2025-12-19T08:42:24+00:00\" \/>\n<meta name=\"twitter:card\" content=\"summary_large_image\" \/>\n<meta name=\"twitter:label1\" content=\"Est. reading time\" \/>\n\t<meta name=\"twitter:data1\" content=\"1 minutua\" \/>\n<script type=\"application\/ld+json\" class=\"yoast-schema-graph\">{\"@context\":\"https:\\\/\\\/schema.org\",\"@graph\":[{\"@type\":\"WebPage\",\"@id\":\"https:\\\/\\\/barberiaandalucia.es\\\/contacto\\\/\",\"url\":\"https:\\\/\\\/barberiaandalucia.es\\\/contacto\\\/\",\"name\":\"Contacto - Barber\u00eda Andalucia\",\"isPartOf\":{\"@id\":\"https:\\\/\\\/barberiaandalucia.es\\\/#website\"},\"datePublished\":\"2025-12-18T11:22:49+00:00\",\"dateModified\":\"2025-12-19T08:42:24+00:00\",\"breadcrumb\":{\"@id\":\"https:\\\/\\\/barberiaandalucia.es\\\/contacto\\\/#breadcrumb\"},\"inLanguage\":\"eu\",\"potentialAction\":[{\"@type\":\"ReadAction\",\"target\":[\"https:\\\/\\\/barberiaandalucia.es\\\/contacto\\\/\"]}]},{\"@type\":\"BreadcrumbList\",\"@id\":\"https:\\\/\\\/barberiaandalucia.es\\\/contacto\\\/#breadcrumb\",\"itemListElement\":[{\"@type\":\"ListItem\",\"position\":1,\"name\":\"Portada\",\"item\":\"https:\\\/\\\/barberiaandalucia.es\\\/\"},{\"@type\":\"ListItem\",\"position\":2,\"name\":\"Contacto\"}]},{\"@type\":\"WebSite\",\"@id\":\"https:\\\/\\\/barberiaandalucia.es\\\/#website\",\"url\":\"https:\\\/\\\/barberiaandalucia.es\\\/\",\"name\":\"Barber\u00eda Andalucia\",\"description\":\"Corte de pelo, barba, degradados, cualquier tipo de corte de caballero, pelo largo caballero, lavado, venta de cera. \",\"publisher\":{\"@id\":\"https:\\\/\\\/barberiaandalucia.es\\\/#organization\"},\"potentialAction\":[{\"@type\":\"SearchAction\",\"target\":{\"@type\":\"EntryPoint\",\"urlTemplate\":\"https:\\\/\\\/barberiaandalucia.es\\\/?s={search_term_string}\"},\"query-input\":{\"@type\":\"PropertyValueSpecification\",\"valueRequired\":true,\"valueName\":\"search_term_string\"}}],\"inLanguage\":\"eu\"},{\"@type\":\"Organization\",\"@id\":\"https:\\\/\\\/barberiaandalucia.es\\\/#organization\",\"name\":\"Barber\u00eda Andalucia\",\"url\":\"https:\\\/\\\/barberiaandalucia.es\\\/\",\"logo\":{\"@type\":\"ImageObject\",\"inLanguage\":\"eu\",\"@id\":\"https:\\\/\\\/barberiaandalucia.es\\\/#\\\/schema\\\/logo\\\/image\\\/\",\"url\":\"https:\\\/\\\/barberiaandalucia.es\\\/wp-content\\\/uploads\\\/2025\\\/12\\\/cropped-barberiaandalucia202506_logoticket.jpg\",\"contentUrl\":\"https:\\\/\\\/barberiaandalucia.es\\\/wp-content\\\/uploads\\\/2025\\\/12\\\/cropped-barberiaandalucia202506_logoticket.jpg\",\"width\":201,\"height\":204,\"caption\":\"Barber\u00eda Andalucia\"},\"image\":{\"@id\":\"https:\\\/\\\/barberiaandalucia.es\\\/#\\\/schema\\\/logo\\\/image\\\/\"}}]}<\/script>\n<!-- \/ Yoast SEO plugin. -->","yoast_head_json":{"title":"Contacto - Barber\u00eda Andalucia","robots":{"index":"index","follow":"follow","max-snippet":"max-snippet:-1","max-image-preview":"max-image-preview:large","max-video-preview":"max-video-preview:-1"},"canonical":"https:\/\/barberiaandalucia.es\/eu\/contacto\/","og_locale":"en_US","og_type":"article","og_title":"Contacto - Barber\u00eda Andalucia","og_description":"Barba y cabello perfectos, cont\u00e1ctanos. Completa el formulario y te contactaremos muy pronto. Informaci\u00f3n General Tel\u00e9fono +34 688 714 661 Email nabil_assa@hotmail.es Direcci\u00f3n Calle Andaluc\u00eda, 4, Arteagabeitia, 48902 San Vicente de Barakaldo, Bizkaia Horario Lunes a jueves: 9:00 a 20:00 Viernes: 9:00 a 14:00 \/ 16:00 a 20:00 S\u00e1bado: 9:00 a 19:00","og_url":"https:\/\/barberiaandalucia.es\/eu\/contacto\/","og_site_name":"Barber\u00eda Andalucia","article_modified_time":"2025-12-19T08:42:24+00:00","twitter_card":"summary_large_image","twitter_misc":{"Est. reading time":"1 minutua"},"schema":{"@context":"https:\/\/schema.org","@graph":[{"@type":"WebPage","@id":"https:\/\/barberiaandalucia.es\/contacto\/","url":"https:\/\/barberiaandalucia.es\/contacto\/","name":"Contacto - Barber\u00eda Andalucia","isPartOf":{"@id":"https:\/\/barberiaandalucia.es\/#website"},"datePublished":"2025-12-18T11:22:49+00:00","dateModified":"2025-12-19T08:42:24+00:00","breadcrumb":{"@id":"https:\/\/barberiaandalucia.es\/contacto\/#breadcrumb"},"inLanguage":"eu","potentialAction":[{"@type":"ReadAction","target":["https:\/\/barberiaandalucia.es\/contacto\/"]}]},{"@type":"BreadcrumbList","@id":"https:\/\/barberiaandalucia.es\/contacto\/#breadcrumb","itemListElement":[{"@type":"ListItem","position":1,"name":"Portada","item":"https:\/\/barberiaandalucia.es\/"},{"@type":"ListItem","position":2,"name":"Contacto"}]},{"@type":"WebSite","@id":"https:\/\/barberiaandalucia.es\/#website","url":"https:\/\/barberiaandalucia.es\/","name":"Barber\u00eda Andalucia","description":"Corte de pelo, barba, degradados, cualquier tipo de corte de caballero, pelo largo caballero, lavado, venta de cera.","publisher":{"@id":"https:\/\/barberiaandalucia.es\/#organization"},"potentialAction":[{"@type":"SearchAction","target":{"@type":"EntryPoint","urlTemplate":"https:\/\/barberiaandalucia.es\/?s={search_term_string}"},"query-input":{"@type":"PropertyValueSpecification","valueRequired":true,"valueName":"search_term_string"}}],"inLanguage":"eu"},{"@type":"Organization","@id":"https:\/\/barberiaandalucia.es\/#organization","name":"Barber\u00eda Andalucia","url":"https:\/\/barberiaandalucia.es\/","logo":{"@type":"ImageObject","inLanguage":"eu","@id":"https:\/\/barberiaandalucia.es\/#\/schema\/logo\/image\/","url":"https:\/\/barberiaandalucia.es\/wp-content\/uploads\/2025\/12\/cropped-barberiaandalucia202506_logoticket.jpg","contentUrl":"https:\/\/barberiaandalucia.es\/wp-content\/uploads\/2025\/12\/cropped-barberiaandalucia202506_logoticket.jpg","width":201,"height":204,"caption":"Barber\u00eda Andalucia"},"image":{"@id":"https:\/\/barberiaandalucia.es\/#\/schema\/logo\/image\/"}}]}},"_links":{"self":[{"href":"https:\/\/barberiaandalucia.es\/eu\/wp-json\/wp\/v2\/pages\/18","targetHints":{"allow":["GET"]}}],"collection":[{"href":"https:\/\/barberiaandalucia.es\/eu\/wp-json\/wp\/v2\/pages"}],"about":[{"href":"https:\/\/barberiaandalucia.es\/eu\/wp-json\/wp\/v2\/types\/page"}],"author":[{"embeddable":true,"href":"https:\/\/barberiaandalucia.es\/eu\/wp-json\/wp\/v2\/users\/1"}],"replies":[{"embeddable":true,"href":"https:\/\/barberiaandalucia.es\/eu\/wp-json\/wp\/v2\/comments?post=18"}],"version-history":[{"count":49,"href":"https:\/\/barberiaandalucia.es\/eu\/wp-json\/wp\/v2\/pages\/18\/revisions"}],"predecessor-version":[{"id":374,"href":"https:\/\/barberiaandalucia.es\/eu\/wp-json\/wp\/v2\/pages\/18\/revisions\/374"}],"wp:attachment":[{"href":"https:\/\/barberiaandalucia.es\/eu\/wp-json\/wp\/v2\/media?parent=18"}],"curies":[{"name":"wp","href":"https:\/\/api.w.org\/{rel}","templated":true}]}}